{"id":162,"date":"2019-03-27T13:18:02","date_gmt":"2019-03-27T12:18:02","guid":{"rendered":"https:\/\/csaa.noblogs.org\/?page_id=162"},"modified":"2019-06-07T14:12:45","modified_gmt":"2019-06-07T12:12:45","slug":"repression","status":"publish","type":"page","link":"https:\/\/csaa.noblogs.org\/en-US\/repression\/","title":{"rendered":"Overview of the repression of the antispeciesist movement"},"content":{"rendered":"<p><img loading=\"lazy\" decoding=\"async\" class=\"wp-image-156 size-full\" src=\"https:\/\/csaa.noblogs.org\/files\/2019\/03\/IMG_1963.jpg\" alt=\"\" width=\"800\" height=\"533\" srcset=\"https:\/\/csaa.noblogs.org\/files\/2019\/03\/IMG_1963.jpg 800w, https:\/\/csaa.noblogs.org\/files\/2019\/03\/IMG_1963-300x200.jpg 300w, https:\/\/csaa.noblogs.org\/files\/2019\/03\/IMG_1963-768x512.jpg 768w\" sizes=\"auto, (max-width: 800px) 100vw, 800px\" \/><\/p>\n<p>Dates of the upcoming trials at the end of the summary*<\/p>\n<p>Here is a summary of the situation of the repression against antispeciesist activists in France and Switzerland.<\/p>\n<p><span class=\"_5mfr\"><span class=\"_6qdm\">????????<\/span><\/span> In early February 2019, four activists suspected of damaging and commiting arson against speciesist shops and restaurants have been held in custody in the North of France for up to 48 hours. The police has also held the mothers of two of these activists in custody in order to put pressure upon them. At the end of their custodial period, the four activists have been taken for an immediate appearance : two of them have been placed under judicial supervision, the other two activists have been sent to jail in Sequedin (North of France) until the 12th of March 2019. Their trials was on the 19th of March 2019, situated at the courthouse in Lille. Lou was sentenced to 15 months&#8217; imprisonment, including 9 months&#8217; suspended sentence and 3 years&#8217; probation. Alix, 18 months&#8217; imprisonment, including 8 months&#8217; suspended sentence and 3 years&#8217; probation. Eden and Sacha, 6 months&#8217; suspended sentence. We are waiting until May 9, 2019 to find out if these prison sentences are manageable and what the accommodations will be. They were also fined several tens of thousands of euros in criminal fines. The interest to be paid to the civil parties will be expressed at a future hearing on December 4, 2019.<\/p>\n<p><span class=\"_5mfr\"><span class=\"_6qdm\">????????<\/span><\/span> In mid-January 2019, there would be eight activists who were suspected of setting fire to a slaughterhouse in Jossigny, near Paris. They have been held in custody for up to 96 hours. Most of them have been put under very strict judicial supervision, preventing them from contacting us, due to the fact that they are not allowed to get in contact with other antispeciesist activists. The date of their trial, to our knowledge, is still unknown.<\/p>\n<p><span class=\"_5mfr\"><span class=\"_6qdm\">????????<\/span><\/span> In early December 2018, three comrades from Switzerland suspected of participating in acts of sabotage against speciesist shops, state buildings and against a slaughterhouse, have been sent to jail in Champ-Dollon (Switzerland) after being held in custody for 48 hours. One person was released after a week, Mirabelle after 27 days, and Matthias is still enjailed there. His detention was extended by an additional 3 months. You can show him support by writing messages to him through the facebook page \u201cSolidarit\u00e9 avec nos camarades antisp\u00e9cistes d\u00e9tenu.e.s en Suisse\u201d (Solidarity with our antispeciesist comrades enjailed in Switzerland). Events are also being planned through this page in order to support him. We don\u2019t know yet when the trial will take place.<\/p>\n<p><span class=\"_5mfr\"><span class=\"_6qdm\">???????? <\/span><\/span>In early September 2018, six people suspected to have damaged windows of speciesist shops have seen their homes searched and have been held in police custody for up to 48 hours. Two of them were under judicial supervision until May 2.<br \/>\nTheir trial scheduled for December and May has been postponed again. It will take place on 14 November 2019 at the Criminal Court of Lille (France).<br \/>\nTo the file of acts of sabotage against speciesist shops, a file was attached for refusing to give their telephone code (two of the people in custody in September), and a file for spilling fake blood in front of butcher shops in 2017.<br \/>\nAs a result, four people will be tried on November 14: A and B for damage to the windows of speciesist shops, A and C for refusing to give their telephone code, and B and D for spilling fake blood in front of butcher shops.<\/p>\n<p><span class=\"_5mfr\"><span class=\"_6qdm\">???????? <\/span><\/span>The founders of the NGO 269 Liberation Animale, Tiphaine Lagarde &amp; Ceylan Cirik are facing a total of 6 trials (slaughterhouse blockades, animal liberations and the use of fake blood on the facade of slaughterhouses). One of them is pending appeal proceedings. They must pay a 6400\u20ac criminal fine (including a conditional fine of 2000\u20ac), as well as a 10846\u20ac fine for the civil party (the town, or the owners of the slaughterhouses). They have also been condemned to a six month suspended prison sentence, and 125 hours of community service for Ceylan.<\/p>\n<p><span class=\"_5mfr\"><span class=\"_6qdm\">????????<\/span><\/span> In early December 2018, the trial concerning the blockade of the slaughterhouse in Roanne (France) took place. Tiphaine Lagarde and Ceylan Cirik have been accused of \u201ccomplicity through instigation\u201d and are each condemned to pay 1500\u20ac fine. Four activists out of 62, randomly chosen, have been condemned to a suspended 300\u20ac fine. The civil party (Sicarev society) requests 40000\u20ac from Tiphaine, Ceylan and the four other activists as compensation. The date of their appeal trial is still unknown.<\/p>\n<p><span class=\"_5mfr\"><span class=\"_6qdm\">???????? <\/span><\/span>At the end of April 2018, the slaughterhouse in Houdan (France) was blocked. 5 activists out of 68, and a photographer, once again randomly chosen, were condemned to pay a 3000\u20ac criminal fine, and a 5000\u20ac fine for the civil party (Guy Harang society).<\/p>\n<p>*DATES OF THE UPCOMING TRIALS :<\/p>\n<p>&#8211; 5th of September 2019 at 13.30 in Orl\u00e9ans (France)<br \/>\nSlaughterhouse blockade and the liberation of Malcolm<br \/>\nTiphaine Lagarde and Ceylan Cirik<\/p>\n<p>&#8211; 14th of November, 2019 at 2pm in Lille (France).<br \/>\nDegradations on speciesist shops, refusal to give their telephone code in custody, and shedding of fake blood in front of butcher shops<br \/>\nFour independent activists<\/p>\n<p>&#8211; 9th of June 2020 in Paris (France)<br \/>\nSpeech in front of Interbev\u2019s head office<br \/>\nTiphaine Lagarde and Ceylan Cirik<\/p>\n<p><span class=\"_5mfr\"><span class=\"_6qdm\">????<\/span><\/span>If you would like to help antispeciesist activists facing repression you can make a donation to the CSAA online: <a href=\"https:\/\/www.cotizup.com\/antispeciste\">cotizup.com\/antispeciste<\/a><\/p>\n<p><span class=\"_5mfr\"><span class=\"_6qdm\">????<\/span><\/span>And if you want to organize events in solidarity with the comrades you can send us an email at <a href=\"mailto:comite2soutien-antispe [@] protonmail.com\">comite2soutien-antispe [<span class=\"\">@] <\/span>protonmail.com<\/a><\/p>\n<p>Thank you for your support !<\/p>\n<p>Let\u2019s be supportive of the other animals, as well as of the activists against speciesism !<\/p>\n","protected":false},"excerpt":{"rendered":"<p>Dates of the upcoming trials at the end of the summary* Here is a summary of the situation of the repression against antispeciesist activists in France and Switzerland. ???????? In early February 2019, four activists suspected of damaging and commiting &hellip; <a href=\"https:\/\/csaa.noblogs.org\/en-US\/repression\/\">Continue reading <span class=\"meta-nav\">&rarr;<\/span><\/a><\/p>\n","protected":false},"author":13387,"featured_media":0,"parent":0,"menu_order":0,"comment_status":"closed","ping_status":"closed","template":"","meta":{"_locale":"en_US","_original_post":"153","footnotes":""},"class_list":["post-162","page","type-page","status-publish","hentry","en-US"],"_links":{"self":[{"href":"https:\/\/csaa.noblogs.org\/wp-json\/wp\/v2\/pages\/162","targetHints":{"allow":["GET"]}}],"collection":[{"href":"https:\/\/csaa.noblogs.org\/wp-json\/wp\/v2\/pages"}],"about":[{"href":"https:\/\/csaa.noblogs.org\/wp-json\/wp\/v2\/types\/page"}],"author":[{"embeddable":true,"href":"https:\/\/csaa.noblogs.org\/wp-json\/wp\/v2\/users\/13387"}],"replies":[{"embeddable":true,"href":"https:\/\/csaa.noblogs.org\/wp-json\/wp\/v2\/comments?post=162"}],"version-history":[{"count":6,"href":"https:\/\/csaa.noblogs.org\/wp-json\/wp\/v2\/pages\/162\/revisions"}],"predecessor-version":[{"id":224,"href":"https:\/\/csaa.noblogs.org\/wp-json\/wp\/v2\/pages\/162\/revisions\/224"}],"wp:attachment":[{"href":"https:\/\/csaa.noblogs.org\/wp-json\/wp\/v2\/media?parent=162"}],"curies":[{"name":"wp","href":"https:\/\/api.w.org\/{rel}","templated":true}]}}